{"id":466,"date":"2023-04-28T10:06:33","date_gmt":"2023-04-28T08:06:33","guid":{"rendered":"https:\/\/neosteel.de\/?post_type=product&#038;p=466"},"modified":"2026-01-22T14:18:00","modified_gmt":"2026-01-22T13:18:00","slug":"erziehungsguertel","status":"publish","type":"product","link":"https:\/\/neosteel.de\/en\/product\/erziehungsguertel\/","title":{"rendered":"Training Belt"},"content":{"rendered":"<p>Ein G\u00fcrtel, mit L\u00f6chern im Anal- und Vaginal-\/Penis- Bereich, sodass Sie freien Zugang zu den Genitalien haben. Durch das enge Anliegen des G\u00fcrtels entsteht ein angenehmes eingebundenes Gef\u00fchl. Dank D-Ringen oder Bondageadaptoren kann der G\u00fcrtel zum Fesseln verwendet werden und durch die offenliegenden Genitalien, k\u00f6nnen z.B. Reizstromger\u00e4te sehr gut verwendet werden.<br \/>\nThe belt is made of high-gloss polished stainless steel and has a silicone profile<\/p>","protected":false},"excerpt":{"rendered":"<p>Ein G\u00fcrtel, mit L\u00f6chern im Anal- und Vaginal-\/Penis- Bereich, sodass Sie freien Zugang zu den Genitalien haben. Durch das enge Anliegen des G\u00fcrtels entsteht ein angenehmes eingebundenes Gef\u00fchl. Dank D-Ringen oder Bondageadaptoren kann der G\u00fcrtel zum Fesseln verwendet werden und durch die offenliegenden Genitalien, k\u00f6nnen z.B. Reizstromger\u00e4te sehr gut verwendet werden. Der G\u00fcrtel ist aus&hellip; <br \/> <a class=\"read-more\" href=\"https:\/\/neosteel.de\/en\/product\/erziehungsguertel\/\">Read more<\/a><\/p>","protected":false},"featured_media":550,"comment_status":"open","ping_status":"closed","template":"","meta":[],"product_cat":[66],"product_tag":[],"class_list":["post-466","product","type-product","status-publish","has-post-thumbnail","hentry","product_cat-bondageprodukte","product_shipping_class-kg"],"jetpack_sharing_enabled":true,"_links":{"self":[{"href":"https:\/\/neosteel.de\/en\/wp-json\/wp\/v2\/product\/466","targetHints":{"allow":["GET"]}}],"collection":[{"href":"https:\/\/neosteel.de\/en\/wp-json\/wp\/v2\/product"}],"about":[{"href":"https:\/\/neosteel.de\/en\/wp-json\/wp\/v2\/types\/product"}],"replies":[{"embeddable":true,"href":"https:\/\/neosteel.de\/en\/wp-json\/wp\/v2\/comments?post=466"}],"wp:featuredmedia":[{"embeddable":true,"href":"https:\/\/neosteel.de\/en\/wp-json\/wp\/v2\/media\/550"}],"wp:attachment":[{"href":"https:\/\/neosteel.de\/en\/wp-json\/wp\/v2\/media?parent=466"}],"wp:term":[{"taxonomy":"product_cat","embeddable":true,"href":"https:\/\/neosteel.de\/en\/wp-json\/wp\/v2\/product_cat?post=466"},{"taxonomy":"product_tag","embeddable":true,"href":"https:\/\/neosteel.de\/en\/wp-json\/wp\/v2\/product_tag?post=466"}],"curies":[{"name":"wp","href":"https:\/\/api.w.org\/{rel}","templated":true}]}}