{"id":460,"date":"2023-04-28T09:23:19","date_gmt":"2023-04-28T07:23:19","guid":{"rendered":"https:\/\/neosteel.de\/?post_type=product&#038;p=460"},"modified":"2026-01-22T14:26:26","modified_gmt":"2026-01-22T13:26:26","slug":"goldener-schluessel","status":"publish","type":"product","link":"https:\/\/neosteel.de\/en\/product\/goldener-schluessel\/","title":{"rendered":"Golden Key"},"content":{"rendered":"<p>Durch die Goldveredlung (24 Karat Gold) wird der Schl\u00fcssel zu Ihrem Keuschheitsg\u00fcrtel zu einem wahren Schmuckst\u00fcck. Sie erhalten &#8220;Den Goldenen Schl\u00fcssel&#8221; in einem hochwertigen Etui. Damit eignet sich &#8220;Der Goldene Schl\u00fcssel&#8221; auch als Geschenk f\u00fcr besondere Anl\u00e4sse. Sie k\u00f6nnen &#8220;Den Goldenen Schl\u00fcssel&#8221; entweder gleich mit Ihrem Keuschheitsg\u00fcrtel bestellen oder senden uns einen Schl\u00fcssel Ihres Keuschheitsg\u00fcrtels, damit wir Ihn f\u00fcr Sie vergolden.<\/p>","protected":false},"excerpt":{"rendered":"<p>Durch die Goldveredlung (24 Karat Gold) wird der Schl\u00fcssel zu Ihrem Keuschheitsg\u00fcrtel zu einem wahren Schmuckst\u00fcck. Sie erhalten &#8220;Den Goldenen Schl\u00fcssel&#8221; in einem hochwertigen Etui. Damit eignet sich &#8220;Der Goldene Schl\u00fcssel&#8221; auch als Geschenk f\u00fcr besondere Anl\u00e4sse. Sie k\u00f6nnen &#8220;Den Goldenen Schl\u00fcssel&#8221; entweder gleich mit Ihrem Keuschheitsg\u00fcrtel bestellen oder senden uns einen Schl\u00fcssel Ihres Keuschheitsg\u00fcrtels,&hellip; <br \/> <a class=\"read-more\" href=\"https:\/\/neosteel.de\/en\/product\/goldener-schluessel\/\">Read more<\/a><\/p>","protected":false},"featured_media":555,"comment_status":"open","ping_status":"closed","template":"","meta":[],"product_cat":[65],"product_tag":[],"class_list":["post-460","product","type-product","status-publish","has-post-thumbnail","hentry","product_cat-keuschheitsguertelzubehoer","product_shipping_class-kg"],"jetpack_sharing_enabled":true,"_links":{"self":[{"href":"https:\/\/neosteel.de\/en\/wp-json\/wp\/v2\/product\/460","targetHints":{"allow":["GET"]}}],"collection":[{"href":"https:\/\/neosteel.de\/en\/wp-json\/wp\/v2\/product"}],"about":[{"href":"https:\/\/neosteel.de\/en\/wp-json\/wp\/v2\/types\/product"}],"replies":[{"embeddable":true,"href":"https:\/\/neosteel.de\/en\/wp-json\/wp\/v2\/comments?post=460"}],"wp:featuredmedia":[{"embeddable":true,"href":"https:\/\/neosteel.de\/en\/wp-json\/wp\/v2\/media\/555"}],"wp:attachment":[{"href":"https:\/\/neosteel.de\/en\/wp-json\/wp\/v2\/media?parent=460"}],"wp:term":[{"taxonomy":"product_cat","embeddable":true,"href":"https:\/\/neosteel.de\/en\/wp-json\/wp\/v2\/product_cat?post=460"},{"taxonomy":"product_tag","embeddable":true,"href":"https:\/\/neosteel.de\/en\/wp-json\/wp\/v2\/product_tag?post=460"}],"curies":[{"name":"wp","href":"https:\/\/api.w.org\/{rel}","templated":true}]}}