{"id":453,"date":"2023-04-27T21:26:34","date_gmt":"2023-04-27T19:26:34","guid":{"rendered":"https:\/\/neosteel.de\/?post_type=product&#038;p=453"},"modified":"2026-01-22T14:23:05","modified_gmt":"2026-01-22T13:23:05","slug":"dildo","status":"publish","type":"product","link":"https:\/\/neosteel.de\/en\/product\/dildo\/","title":{"rendered":"Dildo"},"content":{"rendered":"<p>We will make an anal dildo for you according to your wishes, from 11 cm up to a maximum of 15 cm in length and 4-6 cm in diameter (depending on the type of dildo). Larger and smaller dildos are possible, but please send us an email for these requests. You can buy dildos in a wave or straight shape, and with an electrical option (metal parts in the dildo that have a connection at the bottom of the dildo). Please note that dildos only work with a Total and a Sport chastity belt. For chain chastity belts, it is possible to purchase a back shield, which can be used to attach a dildo for a Total chastity belt.<\/p>\n<p>Our dildos are individually handcrafted from nylon and stainless steel.<\/p>","protected":false},"excerpt":{"rendered":"<p>Wir fertigen f\u00fcr sie einen Analdildo nach Ihren W\u00fcnschen, von 11 cm bis maximal 15 cm L\u00e4nge und 4-6 cm Durchmesser (abh\u00e4ngig von der Art des Dildos). Gr\u00f6\u00dfere sowie kleinere Dildos sind m\u00f6glich, schreiben Sie uns dann aber bitte eine Mail. Sie k\u00f6nnen Dildos in Wellenform oder gerade kaufen, und mit Elektrom\u00f6glichkeit (Metallteile im Dildo&hellip; <br \/> <a class=\"read-more\" href=\"https:\/\/neosteel.de\/en\/product\/dildo\/\">Read more<\/a><\/p>","protected":false},"featured_media":610,"comment_status":"open","ping_status":"closed","template":"","meta":[],"product_cat":[65],"product_tag":[],"class_list":["post-453","product","type-product","status-publish","has-post-thumbnail","hentry","product_cat-keuschheitsguertelzubehoer","product_shipping_class-kg"],"jetpack_sharing_enabled":true,"_links":{"self":[{"href":"https:\/\/neosteel.de\/en\/wp-json\/wp\/v2\/product\/453","targetHints":{"allow":["GET"]}}],"collection":[{"href":"https:\/\/neosteel.de\/en\/wp-json\/wp\/v2\/product"}],"about":[{"href":"https:\/\/neosteel.de\/en\/wp-json\/wp\/v2\/types\/product"}],"replies":[{"embeddable":true,"href":"https:\/\/neosteel.de\/en\/wp-json\/wp\/v2\/comments?post=453"}],"wp:featuredmedia":[{"embeddable":true,"href":"https:\/\/neosteel.de\/en\/wp-json\/wp\/v2\/media\/610"}],"wp:attachment":[{"href":"https:\/\/neosteel.de\/en\/wp-json\/wp\/v2\/media?parent=453"}],"wp:term":[{"taxonomy":"product_cat","embeddable":true,"href":"https:\/\/neosteel.de\/en\/wp-json\/wp\/v2\/product_cat?post=453"},{"taxonomy":"product_tag","embeddable":true,"href":"https:\/\/neosteel.de\/en\/wp-json\/wp\/v2\/product_tag?post=453"}],"curies":[{"name":"wp","href":"https:\/\/api.w.org\/{rel}","templated":true}]}}