{"id":450,"date":"2023-04-27T14:13:39","date_gmt":"2023-04-27T12:13:39","guid":{"rendered":"https:\/\/neosteel.de\/?post_type=product&#038;p=450"},"modified":"2026-01-22T14:24:52","modified_gmt":"2026-01-22T13:24:52","slug":"schrittband-silikon-2","status":"publish","type":"product","link":"https:\/\/neosteel.de\/en\/product\/schrittband-silikon-2\/","title":{"rendered":"Crotchshield Silicone"},"content":{"rendered":"<p>If you already own a system hip band and want to order a new crotch band, then you are in the right place.<\/p>\n<p>The crotch band is made of high-gloss polished stainless steel and is bordered with silicone. You will receive an additional front shield. There are two possible variants, either in the short form, where the front shield is locked with an extra lock on the primary front shield, or the long form, where the front shield is locked together with the belt. The total crotch shield comes with an additional anus shield (lockable).<\/p>\n<p>&nbsp;<\/p>","protected":false},"excerpt":{"rendered":"<p>Wenn Sie breits ein Systemh\u00fcftband besitzen und ein neues Schrittband bestellen wollen, dann sind Sie hier richtig. Das Schrittband ist aus hochglanzpoliertem Edelstahl gefertigt und mit Silikon umrandet. Sie erhalten ein zus\u00e4tzliches Frontschild. Diese gibt es in zwei m\u00f6glichen Varianten, entweder in der kurzen Form, bei der das Frontschild mit einem Extra-Schloss am prim\u00e4ren Frontschild&hellip; <br \/> <a class=\"read-more\" href=\"https:\/\/neosteel.de\/en\/product\/schrittband-silikon-2\/\">Read more<\/a><\/p>","protected":false},"featured_media":608,"comment_status":"open","ping_status":"closed","template":"","meta":[],"product_cat":[64],"product_tag":[],"class_list":["post-450","product","type-product","status-publish","has-post-thumbnail","hentry","product_cat-ohne-penisroehre","product_shipping_class-kg"],"jetpack_sharing_enabled":true,"_links":{"self":[{"href":"https:\/\/neosteel.de\/en\/wp-json\/wp\/v2\/product\/450","targetHints":{"allow":["GET"]}}],"collection":[{"href":"https:\/\/neosteel.de\/en\/wp-json\/wp\/v2\/product"}],"about":[{"href":"https:\/\/neosteel.de\/en\/wp-json\/wp\/v2\/types\/product"}],"replies":[{"embeddable":true,"href":"https:\/\/neosteel.de\/en\/wp-json\/wp\/v2\/comments?post=450"}],"wp:featuredmedia":[{"embeddable":true,"href":"https:\/\/neosteel.de\/en\/wp-json\/wp\/v2\/media\/608"}],"wp:attachment":[{"href":"https:\/\/neosteel.de\/en\/wp-json\/wp\/v2\/media?parent=450"}],"wp:term":[{"taxonomy":"product_cat","embeddable":true,"href":"https:\/\/neosteel.de\/en\/wp-json\/wp\/v2\/product_cat?post=450"},{"taxonomy":"product_tag","embeddable":true,"href":"https:\/\/neosteel.de\/en\/wp-json\/wp\/v2\/product_tag?post=450"}],"curies":[{"name":"wp","href":"https:\/\/api.w.org\/{rel}","templated":true}]}}