{"id":446,"date":"2023-04-27T13:49:36","date_gmt":"2023-04-27T11:49:36","guid":{"rendered":"https:\/\/neosteel.de\/?post_type=product&#038;p=446"},"modified":"2026-01-22T14:24:52","modified_gmt":"2026-01-22T13:24:52","slug":"schrittblech-arch-fun","status":"publish","type":"product","link":"https:\/\/neosteel.de\/en\/product\/schrittblech-arch-fun\/","title":{"rendered":"Crotchband Arch\/Fun"},"content":{"rendered":"<p>If you already own a system hip band and want to order a new crotch band, then you are in the right place.<\/p>\n<p>Our Fun and Arch series fully enclose your penis in a plastic-coated stainless steel penis tube with a half-ball (Arch) or funnel-shaped (Fun) ending, thus protecting it from unauthorized access.<\/p>\n<p>By choosing an additional front shield, your chastity cage will have a more feminine look.<\/p>","protected":false},"excerpt":{"rendered":"<p>Sie besitzen bereits ein Systemh\u00fcftband und wollen nur ein neues Schrittband? Dann sind Sie hier richtig. Unsere Fun und Arch Reihe nimmt Ihren Penis in ein kunststoff-beschichtetes Edelstahl-Penisrohr mit Halbkugel (Arch) oder trichterf\u00f6rmiger (Fun) Endung\u00a0 vollst\u00e4ndig auf, der Penis wird so vor fremdem Zugriff gesch\u00fctzt. Durch die Wahl eines zus\u00e4tzlichen Frontschilds erh\u00e4lt Ihr KG einen&hellip; <br \/> <a class=\"read-more\" href=\"https:\/\/neosteel.de\/en\/product\/schrittblech-arch-fun\/\">Read more<\/a><\/p>","protected":false},"featured_media":553,"comment_status":"open","ping_status":"closed","template":"","meta":[],"product_cat":[63],"product_tag":[],"class_list":["post-446","product","type-product","status-publish","has-post-thumbnail","hentry","product_cat-mit-penisroehre","product_shipping_class-kg"],"jetpack_sharing_enabled":true,"_links":{"self":[{"href":"https:\/\/neosteel.de\/en\/wp-json\/wp\/v2\/product\/446","targetHints":{"allow":["GET"]}}],"collection":[{"href":"https:\/\/neosteel.de\/en\/wp-json\/wp\/v2\/product"}],"about":[{"href":"https:\/\/neosteel.de\/en\/wp-json\/wp\/v2\/types\/product"}],"replies":[{"embeddable":true,"href":"https:\/\/neosteel.de\/en\/wp-json\/wp\/v2\/comments?post=446"}],"wp:featuredmedia":[{"embeddable":true,"href":"https:\/\/neosteel.de\/en\/wp-json\/wp\/v2\/media\/553"}],"wp:attachment":[{"href":"https:\/\/neosteel.de\/en\/wp-json\/wp\/v2\/media?parent=446"}],"wp:term":[{"taxonomy":"product_cat","embeddable":true,"href":"https:\/\/neosteel.de\/en\/wp-json\/wp\/v2\/product_cat?post=446"},{"taxonomy":"product_tag","embeddable":true,"href":"https:\/\/neosteel.de\/en\/wp-json\/wp\/v2\/product_tag?post=446"}],"curies":[{"name":"wp","href":"https:\/\/api.w.org\/{rel}","templated":true}]}}