{"id":441,"date":"2023-04-27T13:32:40","date_gmt":"2023-04-27T11:32:40","guid":{"rendered":"https:\/\/neosteel.de\/?post_type=product&#038;p=441"},"modified":"2026-01-22T14:24:52","modified_gmt":"2026-01-22T13:24:52","slug":"schrittband-masterpiece","status":"publish","type":"product","link":"https:\/\/neosteel.de\/en\/product\/schrittband-masterpiece\/","title":{"rendered":"Crotchshield Masterpiece"},"content":{"rendered":"<p>If you already own a system hip band and want to order a new crotch band, then you are in the right place.<\/p>\n<p>This crotch band is made of high-quality stainless steel. Your penis tube is plastic-coated, either in black or, if you choose the antibacterial coating, in silver. The total crotch plate comes with an additional anus shield (lockable).<\/p>\n<p>You have the option to choose an additional front shield, which will give your belt a more feminine look.<\/p>","protected":false},"excerpt":{"rendered":"<p>Wenn Sie breits ein Systemh\u00fcftband besitzen und ein neues Schrittband bestellen wollen, dann sind Sie hier richtig. Das Schrittband ist aus hochwertigem Edelstahl gefertigt. Ihre Penisr\u00f6hre ist kunststoffbeschichtet, entweder in schwarz oder, bei Wahl der antibakteriellem Beschichtung, in silber. Das Total-Schrittblech wird mit zus\u00e4tzlichem Anusschild (verschlie\u00dfbar) geliefert. Sie haben die Wahl sich f\u00fcr ein zus\u00e4tzlichen&hellip; <br \/> <a class=\"read-more\" href=\"https:\/\/neosteel.de\/en\/product\/schrittband-masterpiece\/\">Read more<\/a><\/p>","protected":false},"featured_media":644,"comment_status":"open","ping_status":"closed","template":"","meta":[],"product_cat":[63],"product_tag":[],"class_list":["post-441","product","type-product","status-publish","has-post-thumbnail","hentry","product_cat-mit-penisroehre","product_shipping_class-kg"],"jetpack_sharing_enabled":true,"_links":{"self":[{"href":"https:\/\/neosteel.de\/en\/wp-json\/wp\/v2\/product\/441","targetHints":{"allow":["GET"]}}],"collection":[{"href":"https:\/\/neosteel.de\/en\/wp-json\/wp\/v2\/product"}],"about":[{"href":"https:\/\/neosteel.de\/en\/wp-json\/wp\/v2\/types\/product"}],"replies":[{"embeddable":true,"href":"https:\/\/neosteel.de\/en\/wp-json\/wp\/v2\/comments?post=441"}],"wp:featuredmedia":[{"embeddable":true,"href":"https:\/\/neosteel.de\/en\/wp-json\/wp\/v2\/media\/644"}],"wp:attachment":[{"href":"https:\/\/neosteel.de\/en\/wp-json\/wp\/v2\/media?parent=441"}],"wp:term":[{"taxonomy":"product_cat","embeddable":true,"href":"https:\/\/neosteel.de\/en\/wp-json\/wp\/v2\/product_cat?post=441"},{"taxonomy":"product_tag","embeddable":true,"href":"https:\/\/neosteel.de\/en\/wp-json\/wp\/v2\/product_tag?post=441"}],"curies":[{"name":"wp","href":"https:\/\/api.w.org\/{rel}","templated":true}]}}