{"id":436,"date":"2023-04-26T22:09:23","date_gmt":"2023-04-26T20:09:23","guid":{"rendered":"https:\/\/neosteel.de\/?post_type=product&#038;p=436"},"modified":"2026-01-22T14:24:52","modified_gmt":"2026-01-22T13:24:52","slug":"schloss-komplett","status":"publish","type":"product","link":"https:\/\/neosteel.de\/en\/product\/schloss-komplett\/","title":{"rendered":"Lock (complete)"},"content":{"rendered":"<p>Here you can order locks. Either if you have lost your lock or if you want an additional lock or if you want a lock that is even more secure.<\/p>\n<p>Das Abus-Schloss besteht aus Schloss, B\u00fcgelschutz, Pin und 2 Schl\u00fcsseln, bei beiden Hochsicherheitsschl\u00f6ssern sind B\u00fcgelschutz, Unterlegplatte, Schloss, 2 Schl\u00fcssel (Schl\u00fcsselkopf abgefeilt f\u00fcr leichtere Verwendung) und Pin im Kaufpreis enthalten.<\/p>\n<p>The small Abus lock includes lock, 2 keys, and shackle shroud, while the small snap lock includes one key.<\/p>","protected":false},"excerpt":{"rendered":"<p>Hier k\u00f6nnen Sie Schl\u00f6sser bestellen. Zum einen, wenn Sie Ihr Schloss verloren haben aber auch, wenn Sie ein zus\u00e4tzliches Schloss w\u00fcnschen oder ein Schloss w\u00fcnschen, was noch sicherer ist. Das Abus-Schloss besteht aus Schloss, B\u00fcgelschutz, Pin und 2 Schl\u00fcsseln, bei beiden Hochsicherheitsschl\u00f6ssern sind B\u00fcgelschutz, Unterlegplatte, Schloss, 2 Schl\u00fcssel (Schl\u00fcsselkopf abgefeilt f\u00fcr leichtere Verwendung) und Pin&hellip; <br \/> <a class=\"read-more\" href=\"https:\/\/neosteel.de\/en\/product\/schloss-komplett\/\">Read more<\/a><\/p>","protected":false},"featured_media":578,"comment_status":"open","ping_status":"closed","template":"","meta":[],"product_cat":[61],"product_tag":[],"class_list":["post-436","product","type-product","status-publish","has-post-thumbnail","hentry","product_cat-schloesser","product_shipping_class-mk"],"jetpack_sharing_enabled":true,"_links":{"self":[{"href":"https:\/\/neosteel.de\/en\/wp-json\/wp\/v2\/product\/436","targetHints":{"allow":["GET"]}}],"collection":[{"href":"https:\/\/neosteel.de\/en\/wp-json\/wp\/v2\/product"}],"about":[{"href":"https:\/\/neosteel.de\/en\/wp-json\/wp\/v2\/types\/product"}],"replies":[{"embeddable":true,"href":"https:\/\/neosteel.de\/en\/wp-json\/wp\/v2\/comments?post=436"}],"wp:featuredmedia":[{"embeddable":true,"href":"https:\/\/neosteel.de\/en\/wp-json\/wp\/v2\/media\/578"}],"wp:attachment":[{"href":"https:\/\/neosteel.de\/en\/wp-json\/wp\/v2\/media?parent=436"}],"wp:term":[{"taxonomy":"product_cat","embeddable":true,"href":"https:\/\/neosteel.de\/en\/wp-json\/wp\/v2\/product_cat?post=436"},{"taxonomy":"product_tag","embeddable":true,"href":"https:\/\/neosteel.de\/en\/wp-json\/wp\/v2\/product_tag?post=436"}],"curies":[{"name":"wp","href":"https:\/\/api.w.org\/{rel}","templated":true}]}}