{"id":434,"date":"2023-04-26T21:33:20","date_gmt":"2023-04-26T19:33:20","guid":{"rendered":"https:\/\/neosteel.de\/?post_type=product&#038;p=434"},"modified":"2026-01-22T14:24:52","modified_gmt":"2026-01-22T13:24:52","slug":"hueftband-spaceless","status":"publish","type":"product","link":"https:\/\/neosteel.de\/en\/product\/hueftband-spaceless\/","title":{"rendered":"Hipband Spaceless"},"content":{"rendered":"<p>Made from 3 mm thick stainless steel, the adjustability of the hip belt allows for slight weight fluctuations to be compensated for, and the ergonomic shape makes it very comfortable to wear. The absence of silicone reduces skin irritation and does not interfere with body hair. Compared to the Masterpiece series, the Spaceless hip belt is narrower, making it much more comfortable to wear, especially for thinner people.<\/p>\n<p>All of our hip belts can also be worn as waist belts. For more information, please refer to our FAQ.<\/p>","protected":false},"excerpt":{"rendered":"<p>Gefertigt aus 3 mm dickem Edelstahl, durch die Verstellbarkeit lassen sich geringe Gewichtsschwankungen ausgleichen und durch die ergonomische Form l\u00e4sst sich das H\u00fcftband sehr angenehm tragen. Der Verzicht auf Silikon sorgt f\u00fcr weniger Hautirritationen und st\u00f6rt nicht an der K\u00f6rperbehaarung. Im Verh\u00e4ltnis zur Masterpiece-Reihe ist das Spaceless-H\u00fcftband schmaler und somit vor allem f\u00fcr d\u00fcnnere Menschen&hellip; <br \/> <a class=\"read-more\" href=\"https:\/\/neosteel.de\/en\/product\/hueftband-spaceless\/\">Read more<\/a><\/p>","protected":false},"featured_media":613,"comment_status":"open","ping_status":"closed","template":"","meta":[],"product_cat":[59],"product_tag":[],"class_list":["post-434","product","type-product","status-publish","has-post-thumbnail","hentry","product_cat-hueftbaender","product_shipping_class-kg"],"jetpack_sharing_enabled":true,"_links":{"self":[{"href":"https:\/\/neosteel.de\/en\/wp-json\/wp\/v2\/product\/434","targetHints":{"allow":["GET"]}}],"collection":[{"href":"https:\/\/neosteel.de\/en\/wp-json\/wp\/v2\/product"}],"about":[{"href":"https:\/\/neosteel.de\/en\/wp-json\/wp\/v2\/types\/product"}],"replies":[{"embeddable":true,"href":"https:\/\/neosteel.de\/en\/wp-json\/wp\/v2\/comments?post=434"}],"wp:featuredmedia":[{"embeddable":true,"href":"https:\/\/neosteel.de\/en\/wp-json\/wp\/v2\/media\/613"}],"wp:attachment":[{"href":"https:\/\/neosteel.de\/en\/wp-json\/wp\/v2\/media?parent=434"}],"wp:term":[{"taxonomy":"product_cat","embeddable":true,"href":"https:\/\/neosteel.de\/en\/wp-json\/wp\/v2\/product_cat?post=434"},{"taxonomy":"product_tag","embeddable":true,"href":"https:\/\/neosteel.de\/en\/wp-json\/wp\/v2\/product_tag?post=434"}],"curies":[{"name":"wp","href":"https:\/\/api.w.org\/{rel}","templated":true}]}}