{"id":433,"date":"2023-04-26T21:27:52","date_gmt":"2023-04-26T19:27:52","guid":{"rendered":"https:\/\/neosteel.de\/?post_type=product&#038;p=433"},"modified":"2026-01-22T14:24:52","modified_gmt":"2026-01-22T13:24:52","slug":"hueftband-masterpiece","status":"publish","type":"product","link":"https:\/\/neosteel.de\/en\/product\/hueftband-masterpiece\/","title":{"rendered":"Hipband Masterpiece"},"content":{"rendered":"<p>Made of 3mm thick stainless steel, our waistbands are adjustable to compensate for slight weight fluctuations, and the ergonomic design makes them comfortable to wear. The absence of silicone reduces skin irritation and does not interfere with body hair.<\/p>\n<p>All of our hip belts can also be worn as waist belts. For more information, please refer to our FAQ.<\/p>","protected":false},"excerpt":{"rendered":"<p>Gefertigt aus 3 mm dickem Edelstahl, durch die Verstellbarkeit lassen sich geringe Gewichtsschwankungen ausgleichen und durch die ergonomische Form l\u00e4sst sich das H\u00fcftband sehr angenehm tragen. Der Verzicht auf Silikon sorgt f\u00fcr weniger Hautirritationen und st\u00f6rt nicht an der K\u00f6rperbehaarung. Alle unsere H\u00fcftb\u00e4nder lassen sich auch als Taillenb\u00e4nder tragen, mehr dazu entnehmen Sie bitte unserem&hellip; <br \/> <a class=\"read-more\" href=\"https:\/\/neosteel.de\/en\/product\/hueftband-masterpiece\/\">Read more<\/a><\/p>","protected":false},"featured_media":613,"comment_status":"open","ping_status":"closed","template":"","meta":[],"product_cat":[59],"product_tag":[],"class_list":["post-433","product","type-product","status-publish","has-post-thumbnail","hentry","product_cat-hueftbaender","product_shipping_class-kg"],"jetpack_sharing_enabled":true,"_links":{"self":[{"href":"https:\/\/neosteel.de\/en\/wp-json\/wp\/v2\/product\/433","targetHints":{"allow":["GET"]}}],"collection":[{"href":"https:\/\/neosteel.de\/en\/wp-json\/wp\/v2\/product"}],"about":[{"href":"https:\/\/neosteel.de\/en\/wp-json\/wp\/v2\/types\/product"}],"replies":[{"embeddable":true,"href":"https:\/\/neosteel.de\/en\/wp-json\/wp\/v2\/comments?post=433"}],"wp:featuredmedia":[{"embeddable":true,"href":"https:\/\/neosteel.de\/en\/wp-json\/wp\/v2\/media\/613"}],"wp:attachment":[{"href":"https:\/\/neosteel.de\/en\/wp-json\/wp\/v2\/media?parent=433"}],"wp:term":[{"taxonomy":"product_cat","embeddable":true,"href":"https:\/\/neosteel.de\/en\/wp-json\/wp\/v2\/product_cat?post=433"},{"taxonomy":"product_tag","embeddable":true,"href":"https:\/\/neosteel.de\/en\/wp-json\/wp\/v2\/product_tag?post=433"}],"curies":[{"name":"wp","href":"https:\/\/api.w.org\/{rel}","templated":true}]}}