{"id":431,"date":"2023-04-26T20:51:46","date_gmt":"2023-04-26T18:51:46","guid":{"rendered":"https:\/\/neosteel.de\/?post_type=product&#038;p=431"},"modified":"2026-01-22T14:24:52","modified_gmt":"2026-01-22T13:24:52","slug":"hueftband-silikon","status":"publish","type":"product","link":"https:\/\/neosteel.de\/en\/product\/hueftband-silikon\/","title":{"rendered":"Hipband Silicone"},"content":{"rendered":"<p>1.5mm thick, high-gloss polished stainless steel bordered with black silicone. The hip belt is available in adjustable and non-adjustable versions. In adjustable hip belts, slight weight fluctuations can be compensated for. The ergonomic hip belt adapts to the body and is therefore more comfortable to wear. Straight belts should only be worn on the waist, as they can quickly cause pressure points on the hip.<\/p>\n<p>All of our hip belts can also be worn as waist belts. For more information, please refer to our FAQ.<\/p>","protected":false},"excerpt":{"rendered":"<p>1,5mm dicker, hochglanzpolierter Edelstahl mit schwarzem Silikon umrandet. Das H\u00fcftband ist verstellbar und unverstellbar erh\u00e4ltlich. Bei verstellbaren H\u00fcftb\u00e4ndern k\u00f6nnen geringe Gewichtsschwankungen ausgeglichen werden. Das ergonomische H\u00fcftband passt sich dem K\u00f6rper an und ist daher angenehmer zu tragen. Gerade B\u00e4nder sollten nur auf der Taille getragen werden, da sie auf der H\u00fcfte schnell zu Druckstellen f\u00fchren&hellip; <br \/> <a class=\"read-more\" href=\"https:\/\/neosteel.de\/en\/product\/hueftband-silikon\/\">Read more<\/a><\/p>","protected":false},"featured_media":593,"comment_status":"open","ping_status":"closed","template":"","meta":[],"product_cat":[59],"product_tag":[],"class_list":["post-431","product","type-product","status-publish","has-post-thumbnail","hentry","product_cat-hueftbaender","product_shipping_class-kg"],"jetpack_sharing_enabled":true,"_links":{"self":[{"href":"https:\/\/neosteel.de\/en\/wp-json\/wp\/v2\/product\/431","targetHints":{"allow":["GET"]}}],"collection":[{"href":"https:\/\/neosteel.de\/en\/wp-json\/wp\/v2\/product"}],"about":[{"href":"https:\/\/neosteel.de\/en\/wp-json\/wp\/v2\/types\/product"}],"replies":[{"embeddable":true,"href":"https:\/\/neosteel.de\/en\/wp-json\/wp\/v2\/comments?post=431"}],"wp:featuredmedia":[{"embeddable":true,"href":"https:\/\/neosteel.de\/en\/wp-json\/wp\/v2\/media\/593"}],"wp:attachment":[{"href":"https:\/\/neosteel.de\/en\/wp-json\/wp\/v2\/media?parent=431"}],"wp:term":[{"taxonomy":"product_cat","embeddable":true,"href":"https:\/\/neosteel.de\/en\/wp-json\/wp\/v2\/product_cat?post=431"},{"taxonomy":"product_tag","embeddable":true,"href":"https:\/\/neosteel.de\/en\/wp-json\/wp\/v2\/product_tag?post=431"}],"curies":[{"name":"wp","href":"https:\/\/api.w.org\/{rel}","templated":true}]}}