{"id":360,"date":"2023-03-28T12:18:10","date_gmt":"2023-03-28T10:18:10","guid":{"rendered":"https:\/\/neosteel.de\/?post_type=product&#038;p=360"},"modified":"2026-01-22T14:24:53","modified_gmt":"2026-01-22T13:24:53","slug":"spaceless-np","status":"publish","type":"product","link":"https:\/\/neosteel.de\/en\/product\/spaceless-np\/","title":{"rendered":"Spaceless"},"content":{"rendered":"<p>Our metal series in the Spaceless version. The advantages: no silicone that can cause skin irritation or pull on body hair. Easier to clean and still very sturdy. The Spaceless series is narrower than the Masterpiece series and therefore less bulky. Especially for thin people, this series is more comfortable to wear. You will receive a hip band made of high-quality 3mm thick stainless steel, which is adjustable by a total of 1.5cm, which can compensate for slight weight fluctuations. You can also choose a crotch band that suits you best. The crotch bands are also made of high-quality stainless steel. With the Total Crotch Plate, you will receive an additional lockable anal shield.<\/p>\n<p>You can choose whether you want a long front shield that is closed at the top with the belt, or a short one that is closed through a hole in the front shield, or if you prefer to not have an extra front shield<\/p>\n<p>We now also offer the option of providing the step bands in a matte finish. These come without the welded contour and are slightly thicker than the previous model.<\/p>\n<p>All of our hip belts can also be worn as waist belts. For more information, please refer to our FAQ.<\/p>","protected":false},"excerpt":{"rendered":"<p>Unsere Metallreihe in der Spaceless-Variante. Die Vorteile: kein Silikon, welches zu Hautirritationen f\u00fchren kann oder an K\u00f6rperhaaren zieht. Leichtere Reinigung und dennoch sehr stabil. Die Spaceless-Reihe ist schm\u00e4ler als die Masterpiece-Reihe und tr\u00e4gt so weniger auf. Vor allem f\u00fcr d\u00fcnne Menschen, ist diese Reihe angenehmer tragbar. Sie erhalten ein H\u00fcftband, das aus hochwertigem 3mm dicken&hellip; <br \/> <a class=\"read-more\" href=\"https:\/\/neosteel.de\/en\/product\/spaceless-np\/\">Read more<\/a><\/p>","protected":false},"featured_media":540,"comment_status":"open","ping_status":"closed","template":"","meta":[],"product_cat":[48],"product_tag":[],"class_list":["post-360","product","type-product","status-publish","has-post-thumbnail","hentry","product_cat-kg-metall-ohne-penis","product_shipping_class-kg"],"jetpack_sharing_enabled":true,"_links":{"self":[{"href":"https:\/\/neosteel.de\/en\/wp-json\/wp\/v2\/product\/360","targetHints":{"allow":["GET"]}}],"collection":[{"href":"https:\/\/neosteel.de\/en\/wp-json\/wp\/v2\/product"}],"about":[{"href":"https:\/\/neosteel.de\/en\/wp-json\/wp\/v2\/types\/product"}],"replies":[{"embeddable":true,"href":"https:\/\/neosteel.de\/en\/wp-json\/wp\/v2\/comments?post=360"}],"wp:featuredmedia":[{"embeddable":true,"href":"https:\/\/neosteel.de\/en\/wp-json\/wp\/v2\/media\/540"}],"wp:attachment":[{"href":"https:\/\/neosteel.de\/en\/wp-json\/wp\/v2\/media?parent=360"}],"wp:term":[{"taxonomy":"product_cat","embeddable":true,"href":"https:\/\/neosteel.de\/en\/wp-json\/wp\/v2\/product_cat?post=360"},{"taxonomy":"product_tag","embeddable":true,"href":"https:\/\/neosteel.de\/en\/wp-json\/wp\/v2\/product_tag?post=360"}],"curies":[{"name":"wp","href":"https:\/\/api.w.org\/{rel}","templated":true}]}}