{"id":359,"date":"2023-03-28T12:03:22","date_gmt":"2023-03-28T10:03:22","guid":{"rendered":"https:\/\/neosteel.de\/?post_type=product&#038;p=359"},"modified":"2026-01-22T14:24:53","modified_gmt":"2026-01-22T13:24:53","slug":"masterpiece-np","status":"publish","type":"product","link":"https:\/\/neosteel.de\/en\/product\/masterpiece-np\/","title":{"rendered":"Masterpiece"},"content":{"rendered":"<p>Our Metal Series in the Masterpiece variant. The advantages: no silicone that can cause skin irritation or pull on body hair. Easier to clean and still very sturdy. You will receive a waistband made of high-quality 3mm thick stainless steel, which is adjustable by a total of 1.5cm, which can compensate for slight weight fluctuations. In addition, you can choose a crotch band that suits you best. The crotch bands are also made of high-quality stainless steel. When choosing a total crotch plate, you will also receive a lockable anus shield.<\/p>\n<p>You can choose whether you want a long front shield that is closed at the top with the belt, or a short one that is closed through a hole in the front shield, or if you prefer to not have an extra front shield<\/p>\n<p>We now also offer the option of providing the step bands in a matte finish. These come without the welded contour and are slightly thicker than the previous model.<\/p>\n<p>All of our hip belts can also be worn as waist belts. For more information, please refer to our FAQ.<\/p>","protected":false},"excerpt":{"rendered":"<p>Unsere Metallreihe in der Masterpiece-Variante. Die Vorteile: kein Silikon, welches zu Hautirritationen f\u00fchren kann oder an K\u00f6rperhaaren zieht. Leichtere Reinigung und dennoch sehr stabil. Sie erhalten ein H\u00fcftband, das aus hochwertigem 3mm dicken Edelstahl gefertigt wird, und insgesamt 1,5cm verstellbar ist, was leichte Gewichtsschwankungen ausgleichen kann. Dazu w\u00e4hlen Sie selbst ein Schrittband, das Ihnen am&hellip; <br \/> <a class=\"read-more\" href=\"https:\/\/neosteel.de\/en\/product\/masterpiece-np\/\">Read more<\/a><\/p>","protected":false},"featured_media":540,"comment_status":"open","ping_status":"closed","template":"","meta":[],"product_cat":[48],"product_tag":[],"class_list":["post-359","product","type-product","status-publish","has-post-thumbnail","hentry","product_cat-kg-metall-ohne-penis","product_shipping_class-kg"],"jetpack_sharing_enabled":true,"_links":{"self":[{"href":"https:\/\/neosteel.de\/en\/wp-json\/wp\/v2\/product\/359","targetHints":{"allow":["GET"]}}],"collection":[{"href":"https:\/\/neosteel.de\/en\/wp-json\/wp\/v2\/product"}],"about":[{"href":"https:\/\/neosteel.de\/en\/wp-json\/wp\/v2\/types\/product"}],"replies":[{"embeddable":true,"href":"https:\/\/neosteel.de\/en\/wp-json\/wp\/v2\/comments?post=359"}],"wp:featuredmedia":[{"embeddable":true,"href":"https:\/\/neosteel.de\/en\/wp-json\/wp\/v2\/media\/540"}],"wp:attachment":[{"href":"https:\/\/neosteel.de\/en\/wp-json\/wp\/v2\/media?parent=359"}],"wp:term":[{"taxonomy":"product_cat","embeddable":true,"href":"https:\/\/neosteel.de\/en\/wp-json\/wp\/v2\/product_cat?post=359"},{"taxonomy":"product_tag","embeddable":true,"href":"https:\/\/neosteel.de\/en\/wp-json\/wp\/v2\/product_tag?post=359"}],"curies":[{"name":"wp","href":"https:\/\/api.w.org\/{rel}","templated":true}]}}