{"id":358,"date":"2023-03-28T12:00:14","date_gmt":"2023-03-28T10:00:14","guid":{"rendered":"https:\/\/neosteel.de\/?post_type=product&#038;p=358"},"modified":"2026-01-22T14:24:53","modified_gmt":"2026-01-22T13:24:53","slug":"spaceless-p","status":"publish","type":"product","link":"https:\/\/neosteel.de\/en\/product\/spaceless-p\/","title":{"rendered":"Spaceless"},"content":{"rendered":"<p>Our metal series in the Spaceless variant. The advantages: no silicone that can cause skin irritation or pull body hair. Easier to clean, yet very stable. The Spaceless series is narrower than the Masterpiece series and therefore less bulky, making it much more comfortable to wear, especially for thin people<\/p>\n<p>You will receive a hip belt made of high-quality 3mm thick stainless steel, which can be adjusted by 1.5cm to compensate for slight weight fluctuations. You can choose the crotch band that suits you best. The crotch bands are also made of high-quality stainless steel, and the penis tubes are coated with plastic, either in black or in a silver antibacterial coating. In addition, the total crotch plate comes with a lockable anus shield.<\/p>\n<p>By choosing an additional front plate, you can create a more feminine look for your chastity belt.<\/p>\n<p>In the Fun and Arch variants, your penis is pressed tightly against the body, making them very inconspicuous to wear and not noticeable under tight jeans. In the Fun variant, there is a funnel at the end of the tube, which allows for better hygiene during toilet visits. For Fun and Arch without an additional front shield, it is possible to make RESY holes. For more information on this, please see the Remote Control products.<\/p>\n<p>All of our hip belts can also be worn as waist belts. For more information, please refer to our FAQ.<\/p>","protected":false},"excerpt":{"rendered":"<p>Unsere Metallreihe in der Spaceless-Variante. Die Vorteile: kein Silikon, welches zu Hautirritationen f\u00fchren kann oder an K\u00f6rperhaaren zieht. Leichtere Reinigung und dennoch sehr stabil. Die Spacelessreihe ist schmaler als die Masterpiece-Reihe und somit tr\u00e4gt sie weniger auf und ist gerade f\u00fcr d\u00fcnne Menschen deutlich angenehmer tragbar. Sie erhalten ein H\u00fcftband, das aus hochwertigem 3mm dicken&hellip; <br \/> <a class=\"read-more\" href=\"https:\/\/neosteel.de\/en\/product\/spaceless-p\/\">Read more<\/a><\/p>","protected":false},"featured_media":505,"comment_status":"open","ping_status":"closed","template":"","meta":[],"product_cat":[47],"product_tag":[],"class_list":["post-358","product","type-product","status-publish","has-post-thumbnail","hentry","product_cat-kg-metall-mit-penis","product_shipping_class-kg"],"jetpack_sharing_enabled":true,"_links":{"self":[{"href":"https:\/\/neosteel.de\/en\/wp-json\/wp\/v2\/product\/358","targetHints":{"allow":["GET"]}}],"collection":[{"href":"https:\/\/neosteel.de\/en\/wp-json\/wp\/v2\/product"}],"about":[{"href":"https:\/\/neosteel.de\/en\/wp-json\/wp\/v2\/types\/product"}],"replies":[{"embeddable":true,"href":"https:\/\/neosteel.de\/en\/wp-json\/wp\/v2\/comments?post=358"}],"wp:featuredmedia":[{"embeddable":true,"href":"https:\/\/neosteel.de\/en\/wp-json\/wp\/v2\/media\/505"}],"wp:attachment":[{"href":"https:\/\/neosteel.de\/en\/wp-json\/wp\/v2\/media?parent=358"}],"wp:term":[{"taxonomy":"product_cat","embeddable":true,"href":"https:\/\/neosteel.de\/en\/wp-json\/wp\/v2\/product_cat?post=358"},{"taxonomy":"product_tag","embeddable":true,"href":"https:\/\/neosteel.de\/en\/wp-json\/wp\/v2\/product_tag?post=358"}],"curies":[{"name":"wp","href":"https:\/\/api.w.org\/{rel}","templated":true}]}}