{"id":349,"date":"2023-03-27T16:11:24","date_gmt":"2023-03-27T14:11:24","guid":{"rendered":"https:\/\/neosteel.de\/?post_type=product&#038;p=349"},"modified":"2025-08-14T20:51:49","modified_gmt":"2025-08-14T18:51:49","slug":"masterpiece-p","status":"publish","type":"product","link":"https:\/\/neosteel.de\/en\/product\/masterpiece-p\/","title":{"rendered":"Masterpiece"},"content":{"rendered":"<p>Our metal series in the Masterpiece version. The advantages: no silicone that can cause skin irritation or pull on body hair. Easier cleaning and still very stable. You will receive a waistband made of high-quality 3mm thick stainless steel, which can be adjusted by a total of 1.5cm to compensate for slight weight fluctuations. You can choose a crotch band that suits you best. The crotch bands are also made of high-quality stainless steel, and the penis tubes are coated with plastic, either in black or in a silver antibacterial coating. With the total crotch plate, you also receive a lockable anus shield.<\/p>\n<p>By choosing an additional front plate, you can create a more feminine look for your chastity belt.<\/p>\n<p>In the Fun and Arch variants, your penis is pressed tightly against the body, making them very inconspicuous to wear and not noticeable under tight jeans. In the Fun variant, there is a funnel at the end of the tube, which allows for better hygiene during toilet visits. For Fun and Arch without an additional front shield, it is possible to make RESY holes. For more information on this, please see the Remote Control products.<\/p>\n<p>All of our hip belts can also be worn as waist belts. For more information, please refer to our FAQ.<\/p>","protected":false},"excerpt":{"rendered":"<p>Unsere Metallreihe in der Masterpiece-Variante. Die Vorteile: kein Silikon, welches zu Hautirritationen f\u00fchren kann oder an K\u00f6rperhaaren zieht. Leichtere Reinigung und dennoch sehr stabil. Sie erhalten ein H\u00fcftband, das aus hochwertigem 3mm dicken Edelstahl gefertigt wird, und insgesamt 1,5cm verstellbar ist, was leichte Gewichtsschwankungen ausgleichen kann. Dazu w\u00e4hlen Sie selbst ein Schrittband, das Ihnen am&hellip; <br \/> <a class=\"read-more\" href=\"https:\/\/neosteel.de\/en\/product\/masterpiece-p\/\">Read more<\/a><\/p>","protected":false},"featured_media":534,"comment_status":"open","ping_status":"closed","template":"","meta":[],"product_cat":[47],"product_tag":[],"class_list":["post-349","product","type-product","status-publish","has-post-thumbnail","hentry","product_cat-kg-metall-mit-penis","product_shipping_class-kg"],"jetpack_sharing_enabled":true,"_links":{"self":[{"href":"https:\/\/neosteel.de\/en\/wp-json\/wp\/v2\/product\/349","targetHints":{"allow":["GET"]}}],"collection":[{"href":"https:\/\/neosteel.de\/en\/wp-json\/wp\/v2\/product"}],"about":[{"href":"https:\/\/neosteel.de\/en\/wp-json\/wp\/v2\/types\/product"}],"replies":[{"embeddable":true,"href":"https:\/\/neosteel.de\/en\/wp-json\/wp\/v2\/comments?post=349"}],"wp:featuredmedia":[{"embeddable":true,"href":"https:\/\/neosteel.de\/en\/wp-json\/wp\/v2\/media\/534"}],"wp:attachment":[{"href":"https:\/\/neosteel.de\/en\/wp-json\/wp\/v2\/media?parent=349"}],"wp:term":[{"taxonomy":"product_cat","embeddable":true,"href":"https:\/\/neosteel.de\/en\/wp-json\/wp\/v2\/product_cat?post=349"},{"taxonomy":"product_tag","embeddable":true,"href":"https:\/\/neosteel.de\/en\/wp-json\/wp\/v2\/product_tag?post=349"}],"curies":[{"name":"wp","href":"https:\/\/api.w.org\/{rel}","templated":true}]}}