{"id":1527,"date":"2025-08-04T15:22:52","date_gmt":"2025-08-04T13:22:52","guid":{"rendered":"https:\/\/neosteel.de\/?post_type=product&#038;p=1527"},"modified":"2026-01-22T14:10:40","modified_gmt":"2026-01-22T13:10:40","slug":"oberschenkelmanschetten","status":"publish","type":"product","link":"https:\/\/neosteel.de\/en\/product\/oberschenkelmanschetten\/","title":{"rendered":"Oberschenkelmanschetten"},"content":{"rendered":"<p>Manschetten, die um den Oberschenkel gehen und mithilfe von Verbindern oder Ketten ein \u00d6ffnen der Beine verhindern.<\/p>\n<p>An den Manschetten sind 30cm lange Ketten befestigt, mit denen sie au\u00dfen am H\u00fcftband befestigt werden k\u00f6nnen. Bitte beachten Sie, dass Sie hierf\u00fcr Bondageadaptoren oder D-Ringe am H\u00fcftband ben\u00f6tigen.<\/p>\n<p>Wir bieten Oberschenkelmanschetten in verschiedenen Varianten an.<br \/>\n1. Verschlussart: Entweder mit Abusschloss, mit Schnappschlossverschluss oder ohne Verschluss (diese Manschetten sind einfach nur rund, man kann sie einfach \u00fcber den Fu\u00df zum Oberschenkel ziehen).<br \/>\n2. Silikon mit Hochglanzedelstahl in 1,5mm St\u00e4rke oder in reinem Edelstahl in matter Optik (in 2mm St\u00e4rke)<br \/>\n3. Die Ketten, mit denen die Oberschenkelmanschetten am H\u00fcftband befestigt werden, k\u00f6nnen an den Oberschenkelb\u00e4ndern entweder mit Hilfe von Bondageadaptoren eingeklickt werden oder sind mit D-Ringen fest mit den Manschetten verbunden<\/p>\n<p>Au\u00dferdem lassen sich die Manschetten nat\u00fcrlich mit D-Ringen und Bondageadaptoren individualisieren.<\/p>","protected":false},"excerpt":{"rendered":"<p>Manschetten, die um den Oberschenkel gehen und mithilfe von Verbindern oder Ketten ein \u00d6ffnen der Beine verhindern. An den Manschetten sind 30cm lange Ketten befestigt, mit denen sie au\u00dfen am H\u00fcftband befestigt werden k\u00f6nnen. Bitte beachten Sie, dass Sie hierf\u00fcr Bondageadaptoren oder D-Ringe am H\u00fcftband ben\u00f6tigen. Wir bieten Oberschenkelmanschetten in verschiedenen Varianten an. 1. Verschlussart:&hellip; <br \/> <a class=\"read-more\" href=\"https:\/\/neosteel.de\/en\/product\/oberschenkelmanschetten\/\">Read more<\/a><\/p>","protected":false},"featured_media":1529,"comment_status":"open","ping_status":"closed","template":"","meta":[],"product_cat":[66],"product_tag":[],"class_list":["post-1527","product","type-product","status-publish","has-post-thumbnail","hentry","product_cat-bondageprodukte","product_shipping_class-kg"],"jetpack_sharing_enabled":true,"_links":{"self":[{"href":"https:\/\/neosteel.de\/en\/wp-json\/wp\/v2\/product\/1527","targetHints":{"allow":["GET"]}}],"collection":[{"href":"https:\/\/neosteel.de\/en\/wp-json\/wp\/v2\/product"}],"about":[{"href":"https:\/\/neosteel.de\/en\/wp-json\/wp\/v2\/types\/product"}],"replies":[{"embeddable":true,"href":"https:\/\/neosteel.de\/en\/wp-json\/wp\/v2\/comments?post=1527"}],"wp:featuredmedia":[{"embeddable":true,"href":"https:\/\/neosteel.de\/en\/wp-json\/wp\/v2\/media\/1529"}],"wp:attachment":[{"href":"https:\/\/neosteel.de\/en\/wp-json\/wp\/v2\/media?parent=1527"}],"wp:term":[{"taxonomy":"product_cat","embeddable":true,"href":"https:\/\/neosteel.de\/en\/wp-json\/wp\/v2\/product_cat?post=1527"},{"taxonomy":"product_tag","embeddable":true,"href":"https:\/\/neosteel.de\/en\/wp-json\/wp\/v2\/product_tag?post=1527"}],"curies":[{"name":"wp","href":"https:\/\/api.w.org\/{rel}","templated":true}]}}