{"id":1058,"date":"2024-01-14T12:53:35","date_gmt":"2024-01-14T11:53:35","guid":{"rendered":"https:\/\/neosteel.de\/?post_type=product&#038;p=1058"},"modified":"2026-01-22T14:12:36","modified_gmt":"2026-01-22T13:12:36","slug":"gravur","status":"publish","type":"product","link":"https:\/\/neosteel.de\/en\/product\/gravur\/","title":{"rendered":"Engraving"},"content":{"rendered":"<p>Your chastity belt is more than just an object. It is your path to a new life. And what could better solidify this special bond than a custom engraving?<\/p>\n<p>Experience the magic of individuality at Neosteel!<\/p>","protected":false},"excerpt":{"rendered":"<p>Ihr Keuschheitsg\u00fcrtel ist mehr als nur ein Gegenstand. Es ist Ihr Weg in ein neues Leben. \u2013 Und was k\u00f6nnte dieses besondere Band besser festigen als eine ma\u00dfgeschneiderte Gravur? Erleben Sie die Magie der Individualit\u00e4t bei Neosteel!<\/p>","protected":false},"featured_media":1061,"comment_status":"open","ping_status":"closed","template":"","meta":[],"product_cat":[78],"product_tag":[],"class_list":["post-1058","product","type-product","status-publish","has-post-thumbnail","hentry","product_cat-gravur","product_shipping_class-kg"],"jetpack_sharing_enabled":true,"_links":{"self":[{"href":"https:\/\/neosteel.de\/en\/wp-json\/wp\/v2\/product\/1058","targetHints":{"allow":["GET"]}}],"collection":[{"href":"https:\/\/neosteel.de\/en\/wp-json\/wp\/v2\/product"}],"about":[{"href":"https:\/\/neosteel.de\/en\/wp-json\/wp\/v2\/types\/product"}],"replies":[{"embeddable":true,"href":"https:\/\/neosteel.de\/en\/wp-json\/wp\/v2\/comments?post=1058"}],"wp:featuredmedia":[{"embeddable":true,"href":"https:\/\/neosteel.de\/en\/wp-json\/wp\/v2\/media\/1061"}],"wp:attachment":[{"href":"https:\/\/neosteel.de\/en\/wp-json\/wp\/v2\/media?parent=1058"}],"wp:term":[{"taxonomy":"product_cat","embeddable":true,"href":"https:\/\/neosteel.de\/en\/wp-json\/wp\/v2\/product_cat?post=1058"},{"taxonomy":"product_tag","embeddable":true,"href":"https:\/\/neosteel.de\/en\/wp-json\/wp\/v2\/product_tag?post=1058"}],"curies":[{"name":"wp","href":"https:\/\/api.w.org\/{rel}","templated":true}]}}