{"id":854,"date":"2023-09-14T16:49:42","date_gmt":"2023-09-14T14:49:42","guid":{"rendered":"https:\/\/neosteel.de\/?page_id=854"},"modified":"2026-03-18T11:58:28","modified_gmt":"2026-03-18T10:58:28","slug":"news","status":"publish","type":"page","link":"https:\/\/neosteel.de\/en\/news\/","title":{"rendered":"News"},"content":{"rendered":"<h2  class=\"wp-block-heading\"><\/h2><figure  class=\"wp-block-image size-large\">\n    <a  href=\"#\" target=\"_self\" data-cp-link=\"1\">\n        <img  class=\"wp-image-1247\" sizes=\"(max-width: 1024px) 100vw, 1024px\" alt=\"\">\n    <\/a>\n<\/figure><h2  class=\"wp-block-heading\"><\/h2><div  class=\"wp-block-group\"><\/div><!-- Inline CSS f\u00fcr Bildgr\u00f6\u00dfen und Overlap --><style >\n    .single-right-image {\n        width: 100%;\n        height: auto;\n        border-radius: 12px;\n        box-shadow: 0 10px 30px rgba(0,0,0,0.15);\n        margin-left: 30px; \/* leichtes \u00dcberlappen wie beim Original *\/\n    }\n\n    @media (max-width: 768px) {\n        .single-right-image {\n            margin-left: 0;\n            width: 100%;\n        }\n    }\n<\/style><div  data-label=\"Teamverstaerkung\" data-id=\"features--2\" data-export-id=\"features-12-card-bordered\" data-category=\"features\" class=\"features-12-card-bordered content-section content-section-spacing\" id=\"teamverstaerkung\" style=\"background-color: rgb(255, 255, 255);\"><div  class=\"gridContainer\"> <div  class=\"row text-center\"><div  class=\"section-title-col\" data-type=\"column\"> <h2  class=\"\">New team member wanted<\/h2> <p  class=\"lead\">Due to the current volume of orders, we are expanding our team.<br > We're looking for:<\/p><\/div> <\/div> <div  class=\"row spaced-cols\" data-type=\"row\"> <div  class=\"col-sm-6\"> <div  \"> <div  class=\"row\"> <div  class=\"col-sm\" data-type=\"column\"> <p  class=\"\"><span  style=\"font-weight: 600;\">Metalworker \/ Metal Processing<\/span> (m\/f\/d) \u2013 Part-time or freelance<br >\n(We also welcome applicants from related metalworking professions such as goldsmiths, precision mechanics, or locksmiths)<br >\n<br ><span  style=\"font-weight: 600;\">Your tasks:<\/span><br >\n- Manufacturing and processing high-quality metal components<br >\n- Assisting with custom-made special projects\n<br ><br >\n<span  style=\"font-weight: 600;\">What you should bring:<\/span><br >\n- Experience in metalworking<br >\n- Careful and reliable working style<br >\n- Reliable and prompt communication\n<br ><br ><\/div> <\/div><\/div> <\/div> <div  class=\"col-sm-6\"> <div> <div  class=\"row\"> <div  class=\"col-sm\" data-type=\"column\">  <p  class=\"\"><span  style=\"font-weight: 700;\">Model Maker \/ Silicone Processing<\/span> (m\/f\/d) \u2013 Mini job or freelance\n<br >(Or people from other professions with experience in silicone processing)<br ><br >\n<span  style=\"font-weight: 600;\">Your tasks:<\/span><br >\n- Careful processing and bonding of silicone components\n<br ><br >\n<span  style=\"font-weight: 600;\">What you should bring:<\/span><br >\n- Experience in silicone processing<br >\n- A lot of patience and a good eye for detail<br >\n- Reliable and precise working style<br >\n- Reliable and prompt communication\n<br ><br ><br >\n<\/div> <\/div><\/div> <\/div>  <\/div> <\/div>\n<div  class=\"gridContainer\"> <div  class=\"row text-center\"><div  class=\"section-title-col\" data-type=\"column\"> <span  style=\"font-weight: 600;\">What we offer:<\/span><br >\n\u2013 Part-time position (metalworking) or mini-job (silicone processing), or freelance collaboration (invoice basis)<br >\n\u2013 Flexible working hours <br >\n\u2013 Silicone processing can also be done from home <br >\n\u2013 Appreciative, open, kink- &amp; queer-friendly working environment<br >\n\u2013 Flat hierarchies and direct communication<br >\n\u2013 Opportunity to work on a unique product portfolio<br >\n\u2013 Wellpass membership (for employees) <br ><br > <p  class=\"lead\">Interested? We look forward to receiving your application by email.<\/p><\/div> <\/div>\n<\/div>\n\n<div  data-label=\"Urlaub Winter 25\" data-id=\"about--4\" data-export-id=\"about-5\" data-category=\"about\" class=\"about-5 content-section content-section-spacing\" id=\"urlaub-winter-25\" style=\"background-color: #ffffff;\">\n<div  class=\"section-title-col\" data-type=\"column\"><\/div>\n\n    <div  class=\"gridContainer\">\n        <div  class=\"row middle-sm text-center\">\n\n            <!-- TEXTBLOCK LINKS -->\n            <div  class=\"col-sm-6 space-bottom-xs\" data-type=\"column\">\n                <h2  class=\"\">\n                    We will be closed for company holidays from December 22, 2025 to January 7, 2026.\n                <\/h2>\n\n                <p  style=\"text-align: left;\" class=\"\">\n                    During this time, delays in processing and shipping may occur.\n                    <br ><br >\n                    Please note that we may not be able to meet the regular delivery time of 4 weeks for available small parts and measuring sets during this period.\n                    <br ><br >\n                    Thank you for your understanding and patience!\n                <\/p>\n            <\/div>\n\n            <!-- RECHTES EINZELBILD -->\n            <div  class=\"col-sm-6 flexbox center-xs middle-xs space-bottom-xs\">\n                <img  decoding=\"async\" class=\"single-right-image\" src=\"https:\/\/neosteel.de\/wp-content\/uploads\/2025\/12\/Merry-Christmas-and-a-Happy-New-Year.png\" alt=\"Weihnachtsbild\">\n            <\/div>\n\n        <\/div>\n    <\/div>\n<\/div><div  id=\"urlaub-sommer-25\" class=\"about-image-text content-section content-section-spacing\" style=\"background-color: #ffffff;\" data-label=\"Urlaub Sommer 25\" data-id=\"about--1\" data-export-id=\"about-image-text\" data-category=\"about\">\n<div  class=\"\">\n<div  class=\"row\">\n<div  class=\"col-sm-6 flexbox-strech center-xs middle-xs no-gutter-col\">\n<div  class=\"shadow-large overlap-right-large flexbox middle-xs center-xs left-img\" style=\"background-image: url(&quot;https:\/\/neosteel.de\/wp-content\/uploads\/2025\/07\/cropped-photo_5211045702858309488_y-3.jpg&quot;);\" data-bg=\"image\"><\/div>\n<\/div>\n<div  class=\"col-sm-6 space-bottom-xs col-padding-small-xs col-sm-padding-large bg-color5 white-text content-col\" data-type=\"column\">\n<h2  class=\"\">We will be on company holiday from August 11th to August 24th, 2025.<\/h2>\n<p  class=\"\"><span  style=\"font-weight: 600;\">During this time, delays in processing and shipping may occur.\n<\/span><\/p>\n\n<span  style=\"font-weight: 600;\" class=\"\">\nIn particular, our usual 3-week delivery time for in-stock small parts and measuring kits may not be guaranteed during this period.\n<\/span>\n\n<span  style=\"font-weight: 600;\" class=\"\">Thank you for your understanding and patience!<\/span>\n\n<\/div>\n<\/div>\n<\/div>\n<\/div><div  id=\"locktober-24\" class=\"about-9 content-section content-section-spacing\" style=\"background-color: #ffffff;\" data-label=\"Locktober 24\" data-id=\"about--3\" data-export-id=\"about-9\" data-category=\"about\">\n<div  class=\"gridContainer\">\n<div  class=\"row middle-sm text-center\">\n<div  class=\"col-sm-5 space-bottom-xs content-column content-right-sm\" data-type=\"column\">\n<h2  class=\"\" style=\"text-align: left;\">Locktober Offer<\/h2>\n<p  class=\"\" style=\"text-align: left;\">Just in time for Locktober, our Locktober special is back!\nUse the promo code **\u201clocktober24\u201d** to get 25% off measuring kits throughout October,\nand the code locktober10\u201d to save **10% on individually ordered locks.<\/p>\n\n<\/div>\n<div  class=\"col-sm-7 flexbox flexbox middle-xs center-xs space-bottom-xs\">\n<div  class=\"overlay-box flexbox middle-xs center-xs overlay-holder\">\n<div  class=\"overlay-box-offset offset-background shadow-medium bg-color2 hide-xs\"><\/div>\n<img  decoding=\"async\" class=\"flexbox shadow-large img1\" title=\"Locktober_Angebot_Anl\u00e4sslich_des_Locktobers_bieten_wir_Ihnen_einen\" src=\"https:\/\/neosteel.de\/wp-content\/uploads\/2024\/09\/Locktober_Angebot_Anlaesslich_des_Locktobers_bieten_wir_Ihnen_einen-scaled.jpg\" alt=\"\" data-size=\"600x400\">\n\n<\/div>\n<\/div>\n<\/div>\n<\/div>\n<\/div><div  id=\"matte-schrittbaender\" class=\"about-4 content-section content-section-spacing\" style=\"background-color: #ffffff;\" data-label=\"matte Schrittbaender\" data-id=\"about--2\" data-export-id=\"about-4\" data-category=\"about\">\n<div  class=\"gridContainer\">\n<div  class=\"row middle-sm text-center\">\n<div  class=\"col-sm-5 space-bottom-xs\" data-type=\"column\">\n<h2  class=\"\">Coming soon!<\/h2>\n<p  class=\"\">After being frequently addressed, we will also offer wristbands with a matte design and without a welded edge in the coming weeks. Stay tuned!<\/p>\n\n<\/div>\n<div  class=\"col-sm-7 flexbox center-xs middle-xs image-group-2-img\"><a  class=\"img-1-anchor\" href=\"#\" data-cp-link=\"1\"><img  decoding=\"async\" class=\"img-1 shadow-large\" title=\"Frontschild ungeschwei\u00dft\" src=\"https:\/\/neosteel.de\/wp-content\/uploads\/2024\/03\/Frontschild-ungeschweisst.jpg\" alt=\"\" data-size=\"250x200\"><\/a> <a  class=\"img-2-anchor\" href=\"#\" data-cp-link=\"1\"><img  decoding=\"async\" class=\"img-2 shadow-large\" title=\"20230808_143248\" src=\"https:\/\/neosteel.de\/wp-content\/uploads\/2024\/03\/20230808_143248-scaled.jpg\" alt=\"\" data-size=\"220x170\"><\/a><\/div>\n<\/div>\n<\/div>\n<\/div><div  id=\"frohe-weihnachten\" class=\"content-12 content-section content-section-spacing\" style=\"background-color: #ffffff;\" data-label=\"Frohe Weihnachten\" data-id=\"content--2\" data-export-id=\"content-12\" data-category=\"content\">\n<div  class=\"gridContainer\">\n<div  class=\"row text-center\">\n<div  class=\"section-title-col\" data-type=\"column\">\n<h2  class=\"\">Merry Christmas!<\/h2>\n<p  class=\"lead\">We wish all of you a merry christmas (or happy holidays if you don't celebrate christmas) and a good start for 2024. We say bye until january 14, 2024, for our Company vacation.<\/p>\n\n<\/div>\n<\/div>\n<div  class=\"row center-xs middle-xs\">\n<div  class=\"col-sm-9\" data-type=\"column\"><img  decoding=\"async\" class=\"shadow-large\" title=\"DSC05023\" src=\"https:\/\/neosteel.de\/wp-content\/uploads\/2023\/12\/DSC05023.jpg\" alt=\"\"><\/div>\n<\/div>\n<\/div>\n<\/div><div  id=\"locktober-23\" class=\"content-12 content-section content-section-spacing\" style=\"background-color: #ffffff;\" data-label=\"Locktober 23\" data-id=\"content--1\" data-export-id=\"content-12\" data-category=\"content\">\n<div  class=\"gridContainer\">\n<div  class=\"row text-center\">\n<div  class=\"section-title-col\" data-type=\"column\">\n<h2  class=\"\">Locktober Offer<\/h2>\n<p  class=\"lead\">In honor of Locktober, we offer you a discount so you can start your chastity journey off well this month. Between October 1, 2023, and October 31, 2023, you will receive a 50% discount on your measurement kit with the code 'Locktober50.' With the code 'Locktober10,' you will receive a 10% discount on all products (excluding measurement kits, accessories, locks, and lock components).<\/p>\n\n<\/div>\n<\/div>\n<div  class=\"row center-xs middle-xs\">\n<div  class=\"col-sm-9\" data-type=\"column\"><img  decoding=\"async\" class=\"shadow-large\" title=\"MB\" src=\"https:\/\/neosteel.de\/wp-content\/uploads\/2023\/09\/cropped-cropped-MB-scaled-2.jpg\" alt=\"\"><a  class=\"button color1\" href=\"https:\/\/neosteel.de\/en\/shop\/\" target=\"_self\" rel=\"noopener\" data-cp-link=\"1\" data-icon=\"\">Zum Shop<\/a><\/div>\n<\/div>\n<\/div>\n<\/div><div  id=\"socialmedia\" class=\"features-13 content-section content-section-spacing\" style=\"background-color: #f5fafd;\" data-label=\"Socialmedia\" data-id=\"features--1\" data-export-id=\"features-13-card-bordered\" data-category=\"features\">\n<div  class=\"gridContainer\">\n<div  class=\"row text-center\">\n<div  class=\"section-title-col\" data-type=\"column\">\n<h2  class=\"\">Social Media<\/h2>\n<p  class=\"lead\">Sie finden uns nun auch auf Social Media.\nAuf diesen Kan\u00e4len werden wir Bilder und Neuigkeiten posten, Sie k\u00f6nnen mit uns in Kontakt treten und einen kleinen Einblick in unsere Arbeit erhalten. Wir freuen uns \u00fcber Follower, Likes und Nachrichten.<\/p>\n\n<\/div>\n<\/div>\n<div  class=\"row spaced-cols content-center-sm\" data-type=\"row\">\n<div  class=\"col-sm-4\">\n<div  class=\"card bordered y-move\" data-type=\"column\"><i  class=\"fa icon fa-instagram reverse round big color1\"><\/i>\n<h4  class=\"\">Instagram<\/h4>\n<p  class=\"\"><a  class=\"button y-move small color2 dark-text\" href=\"https:\/\/www.instagram.com\/neosteelofficial\" target=\"_blank\" rel=\"noopener\" data-cp-link=\"1\" data-icon=\"\">To Profile<\/a><\/p>\n\n<\/div>\n<\/div>\n<div  class=\"col-sm-4\">\n<div  class=\"card bordered y-move\" data-type=\"column\"><i  class=\"fa icon fa-twitter reverse round big color1\"><\/i>\n<h4  class=\"\">X (Twitter)<\/h4>\n<p  class=\"\"><a  class=\"button y-move small color2 dark-text\" href=\"https:\/\/twitter.com\/NeosteelGmbH\" target=\"_blank\" rel=\"noopener\" data-cp-link=\"1\" data-icon=\"\">To Profile<\/a><\/p>\n\n<\/div>\n<\/div>\n<div  class=\"col-sm-4\">\n<div  class=\"card bordered y-move\" data-type=\"column\"><i  class=\"fa icon fa-heart reverse round big color1\"><\/i>\n<h4  class=\"\">Fetlife<\/h4>\n<p  class=\"\"><a  class=\"button y-move small color2 dark-text\" href=\"https:\/\/fetlife.com\/users\/17883535\" target=\"_blank\" rel=\"noopener\" data-cp-link=\"1\" data-icon=\"\">To Profile<\/a><\/p>\n\n<\/div>\n<\/div>\n<\/div>\n<\/div>\n<\/div>","protected":false},"excerpt":{"rendered":"<p>Verst\u00e4rkung f\u00fcr unser Team gesucht Aufgrund der aktuellen Auftragslage erweitern wir unser Team. Wir suchen:<\/p>","protected":false},"author":2,"featured_media":0,"parent":0,"menu_order":0,"comment_status":"closed","ping_status":"closed","template":"pro\/page-templates\/full-width-page.php","meta":{"footnotes":""},"class_list":["post-854","page","type-page","status-publish","hentry"],"jetpack_sharing_enabled":true,"_links":{"self":[{"href":"https:\/\/neosteel.de\/en\/wp-json\/wp\/v2\/pages\/854","targetHints":{"allow":["GET"]}}],"collection":[{"href":"https:\/\/neosteel.de\/en\/wp-json\/wp\/v2\/pages"}],"about":[{"href":"https:\/\/neosteel.de\/en\/wp-json\/wp\/v2\/types\/page"}],"author":[{"embeddable":true,"href":"https:\/\/neosteel.de\/en\/wp-json\/wp\/v2\/users\/2"}],"replies":[{"embeddable":true,"href":"https:\/\/neosteel.de\/en\/wp-json\/wp\/v2\/comments?post=854"}],"version-history":[{"count":52,"href":"https:\/\/neosteel.de\/en\/wp-json\/wp\/v2\/pages\/854\/revisions"}],"predecessor-version":[{"id":1851,"href":"https:\/\/neosteel.de\/en\/wp-json\/wp\/v2\/pages\/854\/revisions\/1851"}],"wp:attachment":[{"href":"https:\/\/neosteel.de\/en\/wp-json\/wp\/v2\/media?parent=854"}],"curies":[{"name":"wp","href":"https:\/\/api.w.org\/{rel}","templated":true}]}}