{"id":527,"date":"2023-05-04T16:41:41","date_gmt":"2023-05-04T14:41:41","guid":{"rendered":"https:\/\/neosteel.de\/?page_id=527"},"modified":"2023-05-08T23:36:55","modified_gmt":"2023-05-08T21:36:55","slug":"wir-ueber-uns","status":"publish","type":"page","link":"https:\/\/neosteel.de\/en\/wir-ueber-uns\/","title":{"rendered":"About us"},"content":{"rendered":"<div data-label=\"Content\" data-id=\"content--2\" data-export-id=\"content-12\" data-category=\"content\" class=\"content-12 content-section content-section-spacing\" id=\"content-2\"  style=\"background-color: rgb(255, 255, 255); background-image: none;\"><div class=\"gridContainer\" > <div class=\"row text-center\" ><div class=\"section-title-col\" data-type=\"column\" > <h2 class=\"\" >We warmly welcome you to our new website. We would like to take this opportunity to introduce ourselves once again.<\/h2> <\/div> <\/div> <div class=\"row center-xs middle-xs\" > <div class=\"col-sm-9\" data-type=\"column\" > <img decoding=\"async\" class=\"shadow-large\" src=\"https:\/\/neosteel.de\/wp-content\/uploads\/2023\/05\/cropped-IMG_20230508_142620_804-scaled-2.jpg\"  title=\"fbt\" alt=\"\"><\/div> <\/div><\/div> <\/div><div data-label=\"Content\" data-id=\"content--3\" data-export-id=\"content-8-mc\" data-category=\"content\" class=\"content-8-mc content-section content-section-spacing\" id=\"content-3\"  style=\"background-color: rgba(255, 255, 206, 0.455); background-image: none;\"><div class=\"gridContainer\" > <div class=\"row middle-sm\" ><div class=\"col-sm-6 space-bottom-xs space-top-xs\" data-type=\"column\" > <img decoding=\"async\" class=\"shadow-large\" src=\"https:\/\/neosteel.de\/wp-content\/uploads\/2023\/05\/cropped-IMG_20230503_171535_779-scaled-1.jpg\"  title=\"IMG_20230503_171535_779\" alt=\"\"><\/div> <div class=\"col-sm-6\" data-type=\"column\" ><h2 class=\"\" >Daniel Waldenmaier<\/h2> <p class=\"\" >CEO<\/p> <p  class=\"\"><span style=\"color: rgb(60, 66, 79); font-size: 19.2px; font-weight: 300;\" >I was born in 1986 and live with my partner and 2 children in Sindelfingen. I have had a fetish for chastity belts for a long time and bought a Fun from Neosteel in 2015. It was already then that I had my first contact with the Mende couple. When I wanted to buy a chastity belt for my partner in 2020, we got into conversation again and it was mentioned that a successor was being sought. I was very interested and after long conversations with my partner, we decided to take over Neosteel because we both had a great interest in continuing to make people happy with Neosteel's products of excellent quality.<\/span><span id=\"_mce_caret\" data-mce-bogus=\"1\" data-mce-type=\"format-caret\" ><span style=\"font-weight: 300;\" ><\/span><\/span>\n<br ><br >I am your contact person for any questions you may have about our products and I am happy to assist you. I represent Neosteel at trade fairs and you can also meet me in person there. If you want to use our measuring service, you will also meet me there.\n<br ><br >\nPlease do not hesitate to write or call me, I will take care of your concerns.<\/p><\/div> <\/div><\/div> <\/div><div data-label=\"Content\" data-id=\"content--4\" data-export-id=\"content-12\" data-category=\"content\" class=\"content-12 content-section content-section-spacing\" id=\"content-4\"  style=\"background-color: rgb(255, 255, 255); background-image: none;\"><div class=\"gridContainer\" > <div class=\"row text-center\" ><div class=\"section-title-col\" data-type=\"column\" > <h2 class=\"\" >Carina Reinecke<\/h2> <p  class=\"lead\">Commercial Clerk\/Accounting<\/p><\/div> <\/div> <div class=\"row center-xs middle-xs\" > <div class=\"col-sm-9\" data-type=\"column\" ><p  class=\"\" style=\"text-align: left;\">I am born in 1993 and also live with my partner and 2 children in Sindelfingen (yes, the same ones mentioned by Daniel).\n<br ><br >I was born in 1993 and I also live in Sindelfingen with my partner and two children (yes, those are the same ones mentioned by Daniel). My interest in the kink for chastity belts started much later than my partner, but I have been interested in the topic for a while. I have worn various chastity belts from different manufacturers and I have been very satisfied with my Neosteel belt, so I wanted to support Daniel's wish to continue the production. Currently, I am working with our suppliers to develop more female chastity belts and we are working on a lighter and thinner form that we would like to offer in addition to the current products<br >\n<br >I am responsible for the background work, so you will probably have less contact with me. I calculate your products, take care of accounting and invoicing, send out products and also take care of everything else that arises. If you have any questions about your invoice or if there are any problems with shipping, you will be directed to me.<\/p> <\/div> <\/div><\/div> <\/div>","protected":false},"excerpt":{"rendered":"<p>Wir begr\u00fc\u00dfen Sie ganz herzlich auf unseren neuen Webseite. Wir wollen die Chance nutzen um uns hier auch einmal noch vorzustellen. Daniel Waldenmaier Gesch\u00e4ftsf\u00fchrer Ich bin 1986 geboren und wohne mit meiner Partnerin und 2 Kindern in Sindelfingen. F\u00fcr Keuschheitsg\u00fcrtel habe ich schon lange einen Fetisch und habe mir bei Neosteel 2015 einen Fun gekauft.&hellip; <br \/> <a class=\"read-more\" href=\"https:\/\/neosteel.de\/en\/wir-ueber-uns\/\">Read more<\/a><\/p>","protected":false},"author":3,"featured_media":0,"parent":0,"menu_order":0,"comment_status":"closed","ping_status":"closed","template":"pro\/page-templates\/full-width-page.php","meta":{"footnotes":""},"class_list":["post-527","page","type-page","status-publish","hentry"],"jetpack_sharing_enabled":true,"_links":{"self":[{"href":"https:\/\/neosteel.de\/en\/wp-json\/wp\/v2\/pages\/527","targetHints":{"allow":["GET"]}}],"collection":[{"href":"https:\/\/neosteel.de\/en\/wp-json\/wp\/v2\/pages"}],"about":[{"href":"https:\/\/neosteel.de\/en\/wp-json\/wp\/v2\/types\/page"}],"author":[{"embeddable":true,"href":"https:\/\/neosteel.de\/en\/wp-json\/wp\/v2\/users\/3"}],"replies":[{"embeddable":true,"href":"https:\/\/neosteel.de\/en\/wp-json\/wp\/v2\/comments?post=527"}],"version-history":[{"count":5,"href":"https:\/\/neosteel.de\/en\/wp-json\/wp\/v2\/pages\/527\/revisions"}],"predecessor-version":[{"id":708,"href":"https:\/\/neosteel.de\/en\/wp-json\/wp\/v2\/pages\/527\/revisions\/708"}],"wp:attachment":[{"href":"https:\/\/neosteel.de\/en\/wp-json\/wp\/v2\/media?parent=527"}],"curies":[{"name":"wp","href":"https:\/\/api.w.org\/{rel}","templated":true}]}}