{"id":296,"date":"2023-03-23T14:13:31","date_gmt":"2023-03-23T13:13:31","guid":{"rendered":"https:\/\/neosteel.de\/?page_id=296"},"modified":"2023-03-27T15:03:37","modified_gmt":"2023-03-27T13:03:37","slug":"impressum","status":"publish","type":"page","link":"https:\/\/neosteel.de\/en\/neosteel\/impressum\/","title":{"rendered":"Impressum Informations"},"content":{"rendered":"<div data-label=\"Content\" data-id=\"content--1\" data-export-id=\"content-12\" data-category=\"content\" class=\"content-12 content-section content-section-spacing\" id=\"content-1\"  style=\"background-color: rgb(255, 255, 255);\"><div class=\"gridContainer\" > <div class=\"row text-center\" ><div class=\"section-title-col\" data-type=\"column\" ><p  class=\"lead\">Neosteel Secure GmbH<\/p>  <\/div> <\/div> <div class=\"row center-xs middle-xs\" > <div class=\"col-sm-9\" data-type=\"column\" ><p  class=\"lead\">Vaihinger Stra\u00dfe 38<br >\n71063 Sindelfingen<br >\nCEO: Daniel Waldenmaier<br >\nHRB 785317 Amtsgericht (local court) Stuttgart<br >\nVAT identification number: DE 354012109<br >\nCreditor identification number: DE9400000002572851<\/p> <\/div> <\/div><\/div> <\/div>\n<div class=\"woocommerce woocommerce-gzd woocommerce-gzd-complaints-shortcode\">\n\t\t\t<h3>Alternative Dispute Resolution in accordance with Art. 14 (1) ODR-VO and \u00a7 36 VSBG:<\/h3>\n\t\nZur Teilnahme an einem Streitbeilegungsverfahren vor einer Verbraucherschlichtungsstelle sind wir nicht verpflichtet und nicht bereit.<\/div>","protected":false},"excerpt":{"rendered":"<p>Neosteel Secure GmbH Vaihinger Stra\u00dfe 38 71063 Sindelfingen Gesch\u00e4ftsf\u00fchrer: Daniel Waldenmaier HRB 785317 Amtsgericht Stuttgart Umsatzsteuer ID: DE 354012109 Gl\u00e4ubiger ID: DE9400000002572851<\/p>","protected":false},"author":2,"featured_media":0,"parent":10,"menu_order":0,"comment_status":"closed","ping_status":"closed","template":"pro\/page-templates\/full-width-page.php","meta":{"footnotes":""},"class_list":["post-296","page","type-page","status-publish","hentry"],"jetpack_sharing_enabled":true,"_links":{"self":[{"href":"https:\/\/neosteel.de\/en\/wp-json\/wp\/v2\/pages\/296","targetHints":{"allow":["GET"]}}],"collection":[{"href":"https:\/\/neosteel.de\/en\/wp-json\/wp\/v2\/pages"}],"about":[{"href":"https:\/\/neosteel.de\/en\/wp-json\/wp\/v2\/types\/page"}],"author":[{"embeddable":true,"href":"https:\/\/neosteel.de\/en\/wp-json\/wp\/v2\/users\/2"}],"replies":[{"embeddable":true,"href":"https:\/\/neosteel.de\/en\/wp-json\/wp\/v2\/comments?post=296"}],"version-history":[{"count":3,"href":"https:\/\/neosteel.de\/en\/wp-json\/wp\/v2\/pages\/296\/revisions"}],"predecessor-version":[{"id":335,"href":"https:\/\/neosteel.de\/en\/wp-json\/wp\/v2\/pages\/296\/revisions\/335"}],"up":[{"embeddable":true,"href":"https:\/\/neosteel.de\/en\/wp-json\/wp\/v2\/pages\/10"}],"wp:attachment":[{"href":"https:\/\/neosteel.de\/en\/wp-json\/wp\/v2\/media?parent=296"}],"curies":[{"name":"wp","href":"https:\/\/api.w.org\/{rel}","templated":true}]}}