{"id":194,"date":"2023-03-06T12:59:22","date_gmt":"2023-03-06T11:59:22","guid":{"rendered":"https:\/\/neosteel.de\/?page_id=194"},"modified":"2026-02-05T17:23:43","modified_gmt":"2026-02-05T16:23:43","slug":"ausmessen","status":"publish","type":"page","link":"https:\/\/neosteel.de\/en\/neosteel\/ausmessen\/","title":{"rendered":"Measuring"},"content":{"rendered":"<section  id=\"ausmessen-accordion\" class=\"content-section content-section-spacing\" aria-label=\"Ausmessen Optionen\">\n  <style >\n    \/* --- Grund-Styles --- *\/\n    :root {\n      --brand: #c62828; \n      --brand-contrast: #ffffff;\n      --border: #d9d9d9;\n      --bg-alt: rgba(255, 255, 206, 0.455);\n    }\n\n    .measure-accordion { max-width: 980px; margin: 0 auto; }\n\n    \/* Button-\u00e4hnliche Summary-Header *\/\n    .measure-accordion details {\n      border: 1px solid var(--border);\n      border-radius: 12px;\n      background: #ffffff;\n      margin: 12px 0;\n      overflow: hidden;\n    }\n\n    .measure-accordion summary {\n      list-style: none;\n      cursor: pointer;\n      padding: 16px 18px;\n      font-size: 1.05rem;\n      font-weight: 600;\n      display: flex;\n      align-items: center;\n      justify-content: space-between;\n      gap: 12px;\n      border: none;\n      background: var(--brand);\n      color: var(--brand-contrast);\n      text-align: left;\n    }\n\n    .measure-accordion summary:hover { filter: brightness(0.95); }\n    .measure-accordion summary:focus-visible {\n      outline: 3px solid #000; outline-offset: 2px;\n    }\n\n    .measure-accordion summary::after {\n      content: \"\";\n      width: 14px; height: 14px;\n      border-right: 2px solid currentColor;\n      border-bottom: 2px solid currentColor;\n      transform: rotate(45deg);\n      transition: transform 0.2s ease;\n      flex: 0 0 14px;\n      color: var(--brand-contrast);\n    }\n    .measure-accordion details[open] > summary::after { transform: rotate(-135deg); }\n\n    .measure-accordion .panel {\n      padding: 16px 18px 18px;\n      background: #fff;\n      color: #222;\n      line-height: 1.6;\n    }\n\n    .measure-accordion .panel p { margin: 0 0 10px; }\n    .measure-accordion .panel p:last-child { margin-bottom: 0; }\n\n    .measure-accordion details.bg-alt .panel { background: var(--bg-alt); }\n\n    \/* Einheitliche Link-Optik im Accordion (erzwingt Rot auch gegen Theme-Regeln) *\/\n    #ausmessen-accordion .measure-accordion .panel a,\n    #ausmessen-accordion .measure-accordion .panel a:link,\n    #ausmessen-accordion .measure-accordion .panel a:visited,\n    #ausmessen-accordion .measure-accordion .panel li a {\n      color: #c62828 !important;\n      text-decoration: underline;\n      text-underline-offset: 2px;\n    }\n\n    \/* Hover-Style  *\/\n    #ausmessen-accordion .measure-accordion .panel a:hover {\n      filter: brightness(0.9);\n      text-decoration-thickness: from-font;\n    }\n\n\n    @media (max-width: 640px) {\n      .measure-accordion summary { font-size: 1rem; padding: 14px 16px; }\n      .measure-accordion .panel { padding: 14px 16px 16px; }\n    }\n  <\/style>\n\n  <div  class=\"measure-accordion\" role=\"list\">\n    <details  id=\"selbst-messen\" class=\"bg-alt\" role=\"listitem\">\n      <summary >Measuring by yourself<\/summary>\n      <div  class=\"panel\">\n        <p >For decades, Neosteel have been offering the measuring kit, which allows you to take your measurements yourself. The measuring kit comes with a detailed written and visual guide. You can easily purchase it from our <a  href=\"https:\/\/neosteel.de\/en\/product-category\/ausmessset\/\" target=\"_blank\" rel=\"noopener\">shop<\/a> .<\/p>\n      <\/div>\n    <\/details>\n\n    <details  id=\"vor-ort\" role=\"listitem\">\n      <summary >To have the measurements taken by us<\/summary>\n      <div  class=\"panel\">\n        <p >Additionally, you have the option to be measured in person.\nWe charge \u20ac120 for this service, \u20ac60 of which will be credited towards your order if you place it with us within 2 months.<\/p>\n        <p >Our measurement appointments usually take place on Mondays.<\/p>\n        <p >If you would like to schedule a measurement appointment, please writte an email to <a  href=\"mailto:info@neosteel.de\">info@neosteel.de<\/a>. <\/p>\n        <p >If you are unable to come on a Monday, please send several proposed dates and possible times in your email, ideally with at least two weeks\u2019 notice.<\/p>\n        <p ><strong >This is how the measuring process works at Neosteel:<\/strong><\/p>\n        <p >The measurement appointments take place at one of our facilities in the greater Stuttgart area. The address will be provided after the appointment has been scheduled.<\/p>\n        <p >Here you have the opportunity to compare the different models, touch them, and possibly even try them on. We are also happy to advise you on which model best suits you and your needs.<\/p>\n        <p >Measurements are usually carried out by Mr. Waldenmaier, but for women, they can also be done by a female staff member. Please let us know this preference in your email to us.<\/p>\n      <\/div>\n    <\/details>\n\n    <details  id=\"auf-messen\" class=\"bg-alt\" role=\"listitem\">\n      <summary >Have your measurements taken at fairs<\/summary>\n      <div  class=\"panel\">\n        <p >Several times a year, we also attend fairs, where measurements can be taken as well. Simply send us an email in advance or approach us directly at the fair. We look forward to your visit.<\/p>\n        <div  style=\"margin-top: 8px;\">\n          <p ><strong >Messetermine 2026<\/strong><\/p>\n          <ul  style=\"margin: 0 0 8px 18px;\">\n            <li >\n                April 24.-26. <a  href=\"https:\/\/www.obscene-messe.com\/de\" target=\"_blank\" rel=\"noopener\" class=\"\">Obscene<\/a> in Karlsruhe (without a booth)\n            <\/li>\n            <li >\n                June 05.-07. <a  href=\"https:\/\/www.boundcon.com\/de\" target=\"_blank\" rel=\"noopener\" class=\"\">Boundcon<\/a> in Munich (without a booth)\n            <\/li>\n            <li >\n                October 02.-04. <a  href=\"https:\/\/www.bofewo.com\" target=\"_blank\" rel=\"noopener\" class=\"\">BoFeWo<\/a> in Hofheim         \n            <\/li>\n            <li >\n             November 06.-08. <a  href=\"https:\/\/www.passion-messe.com\/de\" target=\"_blank\" rel=\"noopener\" class=\"\">Passion<\/a> in Hamburg<br >\n            <\/li>\n          <\/ul>\n        <\/div>\n      <\/div>\n    <\/details>\n  <\/div>\n<\/section>","protected":false},"excerpt":{"rendered":"<p>Selbst ausmessen Bereits seit Jahrzehnten wird daf\u00fcr das Ausmessset angeboten, mit dem die Ma\u00dfe auch selbst genommen werden k\u00f6nnen. Das Ausmessset wird zusammen mit einer ausf\u00fchrliche schriftlichen und visuellen Anleitung geliefert. Sie k\u00f6nnen es einfach bei uns im Shop bestellen. Vor Ort ausmessen lassen Zus\u00e4tzlich besteht die M\u00f6glichkeit, sich pers\u00f6nlich ausmessen zu lassen. F\u00fcr diesen&hellip; <br \/> <a class=\"read-more\" href=\"https:\/\/neosteel.de\/en\/neosteel\/ausmessen\/\">Read more<\/a><\/p>","protected":false},"author":2,"featured_media":0,"parent":10,"menu_order":0,"comment_status":"closed","ping_status":"closed","template":"pro\/page-templates\/full-width-page.php","meta":{"footnotes":""},"class_list":["post-194","page","type-page","status-publish","hentry"],"jetpack_sharing_enabled":true,"_links":{"self":[{"href":"https:\/\/neosteel.de\/en\/wp-json\/wp\/v2\/pages\/194","targetHints":{"allow":["GET"]}}],"collection":[{"href":"https:\/\/neosteel.de\/en\/wp-json\/wp\/v2\/pages"}],"about":[{"href":"https:\/\/neosteel.de\/en\/wp-json\/wp\/v2\/types\/page"}],"author":[{"embeddable":true,"href":"https:\/\/neosteel.de\/en\/wp-json\/wp\/v2\/users\/2"}],"replies":[{"embeddable":true,"href":"https:\/\/neosteel.de\/en\/wp-json\/wp\/v2\/comments?post=194"}],"version-history":[{"count":44,"href":"https:\/\/neosteel.de\/en\/wp-json\/wp\/v2\/pages\/194\/revisions"}],"predecessor-version":[{"id":1797,"href":"https:\/\/neosteel.de\/en\/wp-json\/wp\/v2\/pages\/194\/revisions\/1797"}],"up":[{"embeddable":true,"href":"https:\/\/neosteel.de\/en\/wp-json\/wp\/v2\/pages\/10"}],"wp:attachment":[{"href":"https:\/\/neosteel.de\/en\/wp-json\/wp\/v2\/media?parent=194"}],"curies":[{"name":"wp","href":"https:\/\/api.w.org\/{rel}","templated":true}]}}