{"id":10,"date":"2023-02-26T19:18:30","date_gmt":"2023-02-26T18:18:30","guid":{"rendered":"https:\/\/neosteel.de\/mesmerize\/-old"},"modified":"2023-11-07T10:31:47","modified_gmt":"2023-11-07T09:31:47","slug":"neosteel","status":"publish","type":"page","link":"https:\/\/neosteel.de\/en\/","title":{"rendered":"Front Page [OLD]"},"content":{"rendered":"<div  data-label=\"Neosteel Werte\" data-id=\"content--1\" data-export-id=\"content-3\" data-category=\"content\" class=\"content-3 content-section content-section-spacing\" id=\"neosteel-werte\" style=\"background-color: rgba(255, 255, 206, 0.455); background-image: none;\"><div > <div  class=\"row middle-xs\"><div  class=\"col-sm-7 full-col-left-padding full-col-right-padding\"> <div  class=\"row\"><div  data-type=\"column\" class=\"space-bottom-small content-title-col\">  <h2  class=\"\">Our Values<\/h2> <\/div> <\/div> <div  class=\"row spaced-cols\" data-type=\"row\"> <div  class=\"col-xs-6\" data-type=\"column\"> <h5  class=\"\">Quality<\/h5> <p  class=\"\">We use only high-quality stainless steel for our chastity belts, which makes them durable and resistant.<\/p><\/div> <div  class=\"col-xs-6\" data-type=\"column\"><h5  class=\"\">Security<\/h5> <p  class=\"\">Our locks are designed so that they cannot be opened without a key.<\/p><\/div> <div  class=\"col-xs-6\" data-type=\"column\"><h5  class=\"\">Hygiene<\/h5> <p  class=\"\">Our penis tubes, as well as the waist and hip bands, are made of stainless steel and then coated to provide a comfortable wearing experience. With our antibacterial coating, there are no hygiene problems even with prolonged wearing.<\/p><\/div> <div  class=\"col-xs-6\" data-type=\"column\"><h5  class=\"\">Comfort<\/h5> <p  class=\"\">Our chastity belts are made to measure to ensure high comfort, regardless of body shape.<\/p><\/div> <\/div><\/div> <div  class=\"col-sm-5 bg-image shadow-large-black revert-classes-holder\" data-bg=\"image\" style=\"background-image: url(&quot;https:\/\/neosteel.de\/wp-content\/uploads\/2023\/03\/cropped-photo_2023-03-10_15-50-57.jpg&quot;);\"><\/div><\/div> <\/div><\/div><div  id=\"vergangenheit-und-zukunft\" style=\"background-color: #ffffff;\" data-label=\"Vergangenheit und Zukunft\" data-id=\"content-8-mc\" data-export-id=\"content-8-mc\" data-category=\"content\" class=\"content-8-mc content-section content-section-spacing\"><div  class=\"gridContainer\"> <div  class=\"row middle-sm\"><div  class=\"col-sm-6 space-bottom-xs space-top-xs\" data-type=\"column\"> <img  decoding=\"async\" class=\"shadow-large\" src=\"https:\/\/neosteel.de\/wp-content\/uploads\/2023\/02\/cropped-cropped-cropped-Nsmotto1-e1677445006256.jpg\" title=\"cropped-Nsmotto1.jpg\" alt=\"\"><\/div> <div  class=\"col-sm-6\" data-type=\"column\"><h2  class=\"\">Founding<\/h2> <p  class=\"\">Neosteel was founded in 1997 by Reinhold and Astrid Mende to produce high-quality custom-made chastity belts. From the beginning, the company's focus has been on quality, safety, and hygiene.<br ><br >We believe that chastity belts can be an important tool for sexual self-determination, and we want to ensure that our products are not only functional but also safe and hygienic. That's why, for example, the climate tube was developed in 2000 and only materials that meet high quality standards are used.\n<br ><br >Over time, the product range has become more diverse, but we have never lost sight of our focus on quality, safety, and hygiene.<\/p> <\/div> <\/div><\/div> <\/div><div  id=\"alte-links\" style=\"background-color: rgba(255, 255, 206, 0.455); background-image: none;\" data-label=\"Alte Links\" data-id=\"content-7-mc\" data-export-id=\"content-7-mc\" data-category=\"content\" class=\"content-7-mc content-section content-section-spacing\"><div  class=\"gridContainer\"> <div  class=\"row middle-sm\"><div  class=\"col-sm-6 space-bottom-xs\" data-type=\"column\"> <h2  class=\"\">New Beginnings<\/h2> <p  class=\"\">In 2022, Neosteel was acquired by Daniel Waldenmaier and relaunched as Neosteel Secure. Even though the name has changed, we remain true to the same principles.\n<\/p> <\/div> <div  class=\"col-sm-6\" data-type=\"column\"> <img  decoding=\"async\" class=\"shadow-large\" src=\"https:\/\/neosteel.de\/wp-content\/uploads\/2023\/03\/cropped-cropped-cropped-DSC00866-rotated-1-e1678446558814-1.jpg\" title=\"DSC00866\" alt=\"\"><\/div> <\/div><\/div> <\/div>","protected":false},"excerpt":{"rendered":"<p>Unsere Werte Qualit\u00e4t Wir benutzen f\u00fcr unsere Keuschheitsg\u00fcrtel nur qualitativ hochwertigen Edelstahl, das macht sie langlebig und best\u00e4ndig. Sicherheit Unsere Verschl\u00fcsse sind daf\u00fcr entwickelt, dass sie definitiv nicht ohne Schl\u00fcssel ge\u00f6ffnet werden k\u00f6nnen. Hygiene Unsere Penisrohre werden, wie auch die Schritt- und H\u00fcftb\u00e4nder, aus Edelstahl gefertigt und anschlie\u00dfend beschichtet, sodass Sie ein angenehmes Tragegef\u00fchl haben.&hellip; <br \/> <a class=\"read-more\" href=\"https:\/\/neosteel.de\/en\/\">Read more<\/a><\/p>","protected":false},"author":2,"featured_media":0,"parent":0,"menu_order":0,"comment_status":"closed","ping_status":"closed","template":"page-templates\/homepage.php","meta":{"footnotes":""},"class_list":["post-10","page","type-page","status-publish","hentry"],"jetpack_sharing_enabled":true,"_links":{"self":[{"href":"https:\/\/neosteel.de\/en\/wp-json\/wp\/v2\/pages\/10","targetHints":{"allow":["GET"]}}],"collection":[{"href":"https:\/\/neosteel.de\/en\/wp-json\/wp\/v2\/pages"}],"about":[{"href":"https:\/\/neosteel.de\/en\/wp-json\/wp\/v2\/types\/page"}],"author":[{"embeddable":true,"href":"https:\/\/neosteel.de\/en\/wp-json\/wp\/v2\/users\/2"}],"replies":[{"embeddable":true,"href":"https:\/\/neosteel.de\/en\/wp-json\/wp\/v2\/comments?post=10"}],"version-history":[{"count":12,"href":"https:\/\/neosteel.de\/en\/wp-json\/wp\/v2\/pages\/10\/revisions"}],"predecessor-version":[{"id":721,"href":"https:\/\/neosteel.de\/en\/wp-json\/wp\/v2\/pages\/10\/revisions\/721"}],"wp:attachment":[{"href":"https:\/\/neosteel.de\/en\/wp-json\/wp\/v2\/media?parent=10"}],"curies":[{"name":"wp","href":"https:\/\/api.w.org\/{rel}","templated":true}]}}